{"id":22,"date":"2021-05-25T15:08:06","date_gmt":"2021-05-25T15:08:06","guid":{"rendered":"https:\/\/goed-band.at\/?page_id=22"},"modified":"2021-05-26T11:25:19","modified_gmt":"2021-05-26T09:25:19","slug":"band","status":"publish","type":"page","link":"https:\/\/goed-band.at\/?page_id=22","title":{"rendered":"Band"},"content":{"rendered":"\n<div class=\"wp-block-columns is-layout-flex wp-container-core-columns-is-layout-2 wp-block-columns-is-layout-flex\">\n<div class=\"wp-block-column is-layout-flow wp-block-column-is-layout-flow\" style=\"flex-basis:100%\">\n<div class=\"wp-block-columns is-layout-flex wp-container-core-columns-is-layout-1 wp-block-columns-is-layout-flex\">\n<div class=\"wp-block-column is-layout-flow wp-block-column-is-layout-flow\" style=\"flex-basis:100%\">\n<figure class=\"wp-block-table\"><table><tbody><tr><td><a href=\"https:\/\/goed-band.at\/wp-content\/uploads\/2021\/05\/large_photo\/Goofy_Simoni.jpg\"><img decoding=\"async\" width=\"150\" height=\"251\" class=\"wp-image-44\" style=\"width: 150px;\" src=\"https:\/\/goed-band.at\/wp-content\/uploads\/2021\/05\/goofy-1.jpg\" alt=\"\" srcset=\"https:\/\/goed-band.at\/wp-content\/uploads\/2021\/05\/goofy-1.jpg 280w, https:\/\/goed-band.at\/wp-content\/uploads\/2021\/05\/goofy-1-179x300.jpg 179w\" sizes=\"(max-width: 150px) 100vw, 150px\" \/><\/a><\/td><td><strong>Gottfried Simoni<\/strong>.<br>Gesang, akustische Gitarre. <br>Sehr viele Mundharmonikas in verschiedenen Gr\u00f6\u00dfen.<br>Aber auch sehr viele Mundharmonikas, die kaum zu unterscheiden sind.<br>Wohltemperiertes Kazoo.<br>Besitzer des Bandmopeds &#8220;Trudy&#8221;.<\/td><\/tr><tr><td><a href=\"https:\/\/goed-band.at\/wp-content\/uploads\/2021\/05\/large_photo\/Ed_O_Newman.jpg\"><img decoding=\"async\" width=\"150\" height=\"251\" class=\"wp-image-45\" style=\"width: 150px;\" src=\"https:\/\/goed-band.at\/wp-content\/uploads\/2021\/05\/ed-1.jpg\" alt=\"\" srcset=\"https:\/\/goed-band.at\/wp-content\/uploads\/2021\/05\/ed-1.jpg 280w, https:\/\/goed-band.at\/wp-content\/uploads\/2021\/05\/ed-1-179x300.jpg 179w\" sizes=\"(max-width: 150px) 100vw, 150px\" \/><\/a><\/td><td><strong>Ed O Newman<\/strong>.<br>Elektrifizierte und nicht elektrifizierte Gitarren mit 1 &#8211; 2 H\u00e4lsen.<br>Ukulelen und Mandolinen, aber keine Banjos.<br>Backgroundgesang.<br>Kammgebl\u00e4se.<\/td><\/tr><tr><td><a href=\"https:\/\/goed-band.at\/wp-content\/uploads\/2021\/05\/large_photo\/Mickey_Mikulka.jpg\"><img decoding=\"async\" width=\"150\" height=\"251\" class=\"wp-image-46\" style=\"width: 150px;\" src=\"https:\/\/goed-band.at\/wp-content\/uploads\/2021\/05\/mickey-1.jpg\" alt=\"\" srcset=\"https:\/\/goed-band.at\/wp-content\/uploads\/2021\/05\/mickey-1.jpg 280w, https:\/\/goed-band.at\/wp-content\/uploads\/2021\/05\/mickey-1-179x300.jpg 179w\" sizes=\"(max-width: 150px) 100vw, 150px\" \/><\/a><\/td><td><strong>Mickey Mikulka<\/strong>.<br>Schwere Bassgitarren mit noch schwereren Verst\u00e4rkern.<br>Backgroundgesang.<br>Ferngesteuerte Flugger\u00e4te aller Arten.<br>St\u00e4rkster Apres-Schifahrer der Band.<br><\/td><\/tr><tr><td><a href=\"https:\/\/goed-band.at\/wp-content\/uploads\/2021\/05\/large_photo\/Felix_Cerny.jpg\"><img loading=\"lazy\" decoding=\"async\" width=\"150\" height=\"251\" class=\"wp-image-47\" style=\"width: 150px;\" src=\"https:\/\/goed-band.at\/wp-content\/uploads\/2021\/05\/Felix_klein-1.jpg\" alt=\"\" srcset=\"https:\/\/goed-band.at\/wp-content\/uploads\/2021\/05\/Felix_klein-1.jpg 280w, https:\/\/goed-band.at\/wp-content\/uploads\/2021\/05\/Felix_klein-1-179x300.jpg 179w\" sizes=\"(max-width: 150px) 100vw, 150px\" \/><\/a><\/td><td><strong>Felix Cerny<\/strong>.<br>Schlagwerk, Cajon.<br>Nesth\u00e4kchen.<br>Sehr sehr fotoscheu.<br>Bester Dartspieler der Band.<br>Der einzige in der Band mit klassischer Ausbildung an seinem Instrument.<\/td><\/tr><\/tbody><\/table><\/figure>\n<\/div>\n<\/div>\n<\/div>\n<\/div>\n\n\n\n<p><\/p>\n","protected":false},"excerpt":{"rendered":"<p>Gottfried Simoni.Gesang, akustische Gitarre. Sehr viele Mundharmonikas in verschiedenen Gr\u00f6\u00dfen.Aber auch sehr viele Mundharmonikas, die kaum zu unterscheiden sind.Wohltemperiertes Kazoo.Besitzer des Bandmopeds &#8220;Trudy&#8221;. Ed O Newman.Elektrifizierte und nicht elektrifizierte Gitarren mit 1 &#8211; 2 H\u00e4lsen.Ukulelen und Mandolinen, aber keine Banjos.Backgroundgesang.Kammgebl\u00e4se. Mickey Mikulka.Schwere Bassgitarren mit noch schwereren Verst\u00e4rkern.Backgroundgesang.Ferngesteuerte Flugger\u00e4te aller Arten.St\u00e4rkster Apres-Schifahrer der Band. Felix Cerny.Schlagwerk, Cajon.Nesth\u00e4kchen.Sehr sehr fotoscheu.Bester Dartspieler der Band.Der einzige in der Band mit klassischer Ausbildung an seinem [&hellip;]<\/p>\n","protected":false},"author":1,"featured_media":0,"parent":0,"menu_order":0,"comment_status":"closed","ping_status":"closed","template":"","meta":{"footnotes":""},"yoast_head":"<!-- This site is optimized with the Yoast SEO plugin v24.5 - https:\/\/yoast.com\/wordpress\/plugins\/seo\/ -->\n<title>Band - GOED Band<\/title>\n<meta name=\"robots\" content=\"index, follow, max-snippet:-1, max-image-preview:large, max-video-preview:-1\" \/>\n<link rel=\"canonical\" href=\"https:\/\/goed-band.at\/?page_id=22\" \/>\n<meta property=\"og:locale\" content=\"en_US\" \/>\n<meta property=\"og:type\" content=\"article\" \/>\n<meta property=\"og:title\" content=\"Band - GOED Band\" \/>\n<meta property=\"og:description\" content=\"Gottfried Simoni.Gesang, akustische Gitarre. Sehr viele Mundharmonikas in verschiedenen Gr\u00f6\u00dfen.Aber auch sehr viele Mundharmonikas, die kaum zu unterscheiden sind.Wohltemperiertes Kazoo.Besitzer des Bandmopeds &#8220;Trudy&#8221;. Ed O Newman.Elektrifizierte und nicht elektrifizierte Gitarren mit 1 &#8211; 2 H\u00e4lsen.Ukulelen und Mandolinen, aber keine Banjos.Backgroundgesang.Kammgebl\u00e4se. Mickey Mikulka.Schwere Bassgitarren mit noch schwereren Verst\u00e4rkern.Backgroundgesang.Ferngesteuerte Flugger\u00e4te aller Arten.St\u00e4rkster Apres-Schifahrer der Band. Felix Cerny.Schlagwerk, Cajon.Nesth\u00e4kchen.Sehr sehr fotoscheu.Bester Dartspieler der Band.Der einzige in der Band mit klassischer Ausbildung an seinem [&hellip;]\" \/>\n<meta property=\"og:url\" content=\"https:\/\/goed-band.at\/?page_id=22\" \/>\n<meta property=\"og:site_name\" content=\"GOED Band\" \/>\n<meta property=\"article:modified_time\" content=\"2021-05-26T09:25:19+00:00\" \/>\n<meta property=\"og:image\" content=\"https:\/\/goed-band.at\/wp-content\/uploads\/2021\/05\/goofy-1.jpg\" \/>\n<meta name=\"twitter:card\" content=\"summary_large_image\" \/>\n<meta name=\"twitter:label1\" content=\"Est. reading time\" \/>\n\t<meta name=\"twitter:data1\" content=\"2 minutes\" \/>\n<script type=\"application\/ld+json\" class=\"yoast-schema-graph\">{\"@context\":\"https:\/\/schema.org\",\"@graph\":[{\"@type\":\"WebPage\",\"@id\":\"https:\/\/goed-band.at\/?page_id=22\",\"url\":\"https:\/\/goed-band.at\/?page_id=22\",\"name\":\"Band - GOED Band\",\"isPartOf\":{\"@id\":\"https:\/\/goed-band.at\/#website\"},\"primaryImageOfPage\":{\"@id\":\"https:\/\/goed-band.at\/?page_id=22#primaryimage\"},\"image\":{\"@id\":\"https:\/\/goed-band.at\/?page_id=22#primaryimage\"},\"thumbnailUrl\":\"https:\/\/goed-band.at\/wp-content\/uploads\/2021\/05\/goofy-1.jpg\",\"datePublished\":\"2021-05-25T15:08:06+00:00\",\"dateModified\":\"2021-05-26T09:25:19+00:00\",\"breadcrumb\":{\"@id\":\"https:\/\/goed-band.at\/?page_id=22#breadcrumb\"},\"inLanguage\":\"en-US\",\"potentialAction\":[{\"@type\":\"ReadAction\",\"target\":[\"https:\/\/goed-band.at\/?page_id=22\"]}]},{\"@type\":\"ImageObject\",\"inLanguage\":\"en-US\",\"@id\":\"https:\/\/goed-band.at\/?page_id=22#primaryimage\",\"url\":\"https:\/\/goed-band.at\/wp-content\/uploads\/2021\/05\/goofy-1.jpg\",\"contentUrl\":\"https:\/\/goed-band.at\/wp-content\/uploads\/2021\/05\/goofy-1.jpg\",\"width\":280,\"height\":469},{\"@type\":\"BreadcrumbList\",\"@id\":\"https:\/\/goed-band.at\/?page_id=22#breadcrumb\",\"itemListElement\":[{\"@type\":\"ListItem\",\"position\":1,\"name\":\"Home\",\"item\":\"https:\/\/goed-band.at\/\"},{\"@type\":\"ListItem\",\"position\":2,\"name\":\"Band\"}]},{\"@type\":\"WebSite\",\"@id\":\"https:\/\/goed-band.at\/#website\",\"url\":\"https:\/\/goed-band.at\/\",\"name\":\"GOED Band\",\"description\":\"Live-Musik von Austropop bis Rock\",\"potentialAction\":[{\"@type\":\"SearchAction\",\"target\":{\"@type\":\"EntryPoint\",\"urlTemplate\":\"https:\/\/goed-band.at\/?s={search_term_string}\"},\"query-input\":{\"@type\":\"PropertyValueSpecification\",\"valueRequired\":true,\"valueName\":\"search_term_string\"}}],\"inLanguage\":\"en-US\"}]}<\/script>\n<!-- \/ Yoast SEO plugin. -->","yoast_head_json":{"title":"Band - GOED Band","robots":{"index":"index","follow":"follow","max-snippet":"max-snippet:-1","max-image-preview":"max-image-preview:large","max-video-preview":"max-video-preview:-1"},"canonical":"https:\/\/goed-band.at\/?page_id=22","og_locale":"en_US","og_type":"article","og_title":"Band - GOED Band","og_description":"Gottfried Simoni.Gesang, akustische Gitarre. Sehr viele Mundharmonikas in verschiedenen Gr\u00f6\u00dfen.Aber auch sehr viele Mundharmonikas, die kaum zu unterscheiden sind.Wohltemperiertes Kazoo.Besitzer des Bandmopeds &#8220;Trudy&#8221;. Ed O Newman.Elektrifizierte und nicht elektrifizierte Gitarren mit 1 &#8211; 2 H\u00e4lsen.Ukulelen und Mandolinen, aber keine Banjos.Backgroundgesang.Kammgebl\u00e4se. Mickey Mikulka.Schwere Bassgitarren mit noch schwereren Verst\u00e4rkern.Backgroundgesang.Ferngesteuerte Flugger\u00e4te aller Arten.St\u00e4rkster Apres-Schifahrer der Band. Felix Cerny.Schlagwerk, Cajon.Nesth\u00e4kchen.Sehr sehr fotoscheu.Bester Dartspieler der Band.Der einzige in der Band mit klassischer Ausbildung an seinem [&hellip;]","og_url":"https:\/\/goed-band.at\/?page_id=22","og_site_name":"GOED Band","article_modified_time":"2021-05-26T09:25:19+00:00","og_image":[{"url":"https:\/\/goed-band.at\/wp-content\/uploads\/2021\/05\/goofy-1.jpg","type":"","width":"","height":""}],"twitter_card":"summary_large_image","twitter_misc":{"Est. reading time":"2 minutes"},"schema":{"@context":"https:\/\/schema.org","@graph":[{"@type":"WebPage","@id":"https:\/\/goed-band.at\/?page_id=22","url":"https:\/\/goed-band.at\/?page_id=22","name":"Band - GOED Band","isPartOf":{"@id":"https:\/\/goed-band.at\/#website"},"primaryImageOfPage":{"@id":"https:\/\/goed-band.at\/?page_id=22#primaryimage"},"image":{"@id":"https:\/\/goed-band.at\/?page_id=22#primaryimage"},"thumbnailUrl":"https:\/\/goed-band.at\/wp-content\/uploads\/2021\/05\/goofy-1.jpg","datePublished":"2021-05-25T15:08:06+00:00","dateModified":"2021-05-26T09:25:19+00:00","breadcrumb":{"@id":"https:\/\/goed-band.at\/?page_id=22#breadcrumb"},"inLanguage":"en-US","potentialAction":[{"@type":"ReadAction","target":["https:\/\/goed-band.at\/?page_id=22"]}]},{"@type":"ImageObject","inLanguage":"en-US","@id":"https:\/\/goed-band.at\/?page_id=22#primaryimage","url":"https:\/\/goed-band.at\/wp-content\/uploads\/2021\/05\/goofy-1.jpg","contentUrl":"https:\/\/goed-band.at\/wp-content\/uploads\/2021\/05\/goofy-1.jpg","width":280,"height":469},{"@type":"BreadcrumbList","@id":"https:\/\/goed-band.at\/?page_id=22#breadcrumb","itemListElement":[{"@type":"ListItem","position":1,"name":"Home","item":"https:\/\/goed-band.at\/"},{"@type":"ListItem","position":2,"name":"Band"}]},{"@type":"WebSite","@id":"https:\/\/goed-band.at\/#website","url":"https:\/\/goed-band.at\/","name":"GOED Band","description":"Live-Musik von Austropop bis Rock","potentialAction":[{"@type":"SearchAction","target":{"@type":"EntryPoint","urlTemplate":"https:\/\/goed-band.at\/?s={search_term_string}"},"query-input":{"@type":"PropertyValueSpecification","valueRequired":true,"valueName":"search_term_string"}}],"inLanguage":"en-US"}]}},"_links":{"self":[{"href":"https:\/\/goed-band.at\/index.php?rest_route=\/wp\/v2\/pages\/22"}],"collection":[{"href":"https:\/\/goed-band.at\/index.php?rest_route=\/wp\/v2\/pages"}],"about":[{"href":"https:\/\/goed-band.at\/index.php?rest_route=\/wp\/v2\/types\/page"}],"author":[{"embeddable":true,"href":"https:\/\/goed-band.at\/index.php?rest_route=\/wp\/v2\/users\/1"}],"replies":[{"embeddable":true,"href":"https:\/\/goed-band.at\/index.php?rest_route=%2Fwp%2Fv2%2Fcomments&post=22"}],"version-history":[{"count":5,"href":"https:\/\/goed-band.at\/index.php?rest_route=\/wp\/v2\/pages\/22\/revisions"}],"predecessor-version":[{"id":69,"href":"https:\/\/goed-band.at\/index.php?rest_route=\/wp\/v2\/pages\/22\/revisions\/69"}],"wp:attachment":[{"href":"https:\/\/goed-band.at\/index.php?rest_route=%2Fwp%2Fv2%2Fmedia&parent=22"}],"curies":[{"name":"wp","href":"https:\/\/api.w.org\/{rel}","templated":true}]}}